{"id":156,"date":"2023-02-14T13:52:56","date_gmt":"2023-02-14T11:52:56","guid":{"rendered":"http:\/\/www.tiihelina.com\/?page_id=156"},"modified":"2025-08-19T15:57:38","modified_gmt":"2025-08-19T12:57:38","slug":"bio","status":"publish","type":"page","link":"https:\/\/www.tiihelina.com\/?page_id=156","title":{"rendered":"Bio"},"content":{"rendered":"\n<h5 class=\"wp-block-heading\">Art Education\/Courses<\/h5>\n\n\n\n<p>08\/2021-01\/2024 Digital Art Studies, Lapland University of Applied Sciences, Tornio<\/p>\n\n\n\n<p>09\/2017-05\/2018 Painter&#8217;s Studies, Free Art School, Helsinki<\/p>\n\n\n\n<p>09\/2016 -05\/2017 Music Therapy Basic Studies, Jyv\u00e4skyl\u00e4 Open University, Jyv\u00e4skyl\u00e4<\/p>\n\n\n\n<p>08\/2014-06\/2015 Expressive Arts Therapies Basic Studies, InArtes Institute, Helsinki<\/p>\n\n\n\n<p>09\/2013-05\/2014 Art History Studies, Helsinki Open University, Helsinki<\/p>\n\n\n\n<h5 class=\"wp-block-heading\">Private Exhibitions<\/h5>\n\n\n\n<p>08\/2025 Cheers To The Sea, Photo presentation non-stop, Night of the Arts, Tyrn\u00e4v\u00e4<\/p>\n\n\n\n<p>05-06\/2025 Ceramic mobiles and paintings, Cafe Kiikku, Oulu<\/p>\n\n\n\n<p>08\/2024 Photo presentation non-stop, Night of the Arts, Tyrn\u00e4v\u00e4<\/p>\n\n\n\n<p>11\/2023 In Dark Waters &amp; A Poem, Video Artworks, Marrastulet Festival, Tyrn\u00e4v\u00e4 <\/p>\n\n\n\n<p>12\/2019 Hengenvetoja, Exhibition Space of Tyrn\u00e4v\u00e4 Municipality<\/p>\n\n\n\n<p>06\/2019 Unien tyt\u00e4r, kajaste Gallery Uusikatu, Oulu<\/p>\n\n\n\n<p>12\/2018 Matkoja\/N\u00e4kyj\u00e4, Vanha Pappila, Tyrn\u00e4v\u00e4<\/p>\n\n\n\n<p>08\/2018 Luista ja Ytimist\u00e4, The Artist&#8217;s Place of Work, Tyrn\u00e4v\u00e4<\/p>\n\n\n\n<h5 class=\"wp-block-heading\">Group Exhibitions<\/h5>\n\n\n\n<p>07-08\/2025 Arto &#8211; artotheque, Oulu House of visual arts, Oulu<\/p>\n\n\n\n<p>06-08\/2024 Realm Of Fine Arts, Myllyranta, M\u00e4ntt\u00e4<\/p>\n\n\n\n<p>11\/2023 PIOT Festival, The Aine Art Museum, Tornio<\/p>\n\n\n\n<p>01\/2023 Pakanoiden paluu, The Arctic Comics Centre, Kemi<\/p>\n\n\n\n<p>05\/2022 Uni-Versumi 2022, Lappari Activity Park, Tornio<\/p>\n\n\n\n<p>03\/2022 Patched Soil &#8211; Paikattu Maa, Arctic Design Week, Rovaniemi<\/p>\n\n\n\n<p>08\/2019 Joint Exhibition of Three Artist (Matti Heiskari, Jouko Korkala, Tiitu Veijola), Conrad Gallery, Tyrn\u00e4v\u00e4<\/p>\n\n\n\n<p>05\/2018 Vapaan Ykk\u00f6set, Vaaga Gallery, Helsinki<\/p>\n\n\n\n<p>07\/2016 Viestej\u00e4 ytimest\u00e4, Nikkil\u00e4 Library, Sipoo<\/p>\n\n\n\n<h5 class=\"wp-block-heading\">Illustrations and Graphic Design<\/h5>\n\n\n\n<p>05\/2024 Perhelukemisen hanke (www.luepa.fi\/perhelukemisen-ohjelma)<\/p>\n\n\n\n<h5 class=\"wp-block-heading\">Collections<\/h5>\n\n\n\n<p>07\/2024 Arctica &#8211; Valon pisaroita, OP (Osuuspankki)<\/p>\n\n\n\n<h5 class=\"wp-block-heading\">Memberships<\/h5>\n\n\n\n<p>Artits\u2019 Association of Oulu &#8211;<br>Oulun Taiteilijaseura -63 ry<\/p>\n","protected":false},"excerpt":{"rendered":"<p>Art Education\/Courses 08\/2021-01\/2024 Digital Art Studies, Lapland University of Applied Sciences, Tornio 09\/2017-05\/2018 Painter&#8217;s Studies, Free Art School, Helsinki 09\/2016 -05\/2017 Music Therapy Basic Studies, Jyv\u00e4skyl\u00e4 Open University, Jyv\u00e4skyl\u00e4 08\/2014-06\/2015<\/p>\n<p class=\"more-link\"><a href=\"https:\/\/www.tiihelina.com\/?page_id=156\" class=\"readmore\">Continue reading<svg class=\"icon icon-arrow-right\" aria-hidden=\"true\" role=\"img\"> <use href=\"#icon-arrow-right\" xlink:href=\"#icon-arrow-right\"><\/use> <\/svg><span class=\"screen-reader-text\">Bio<\/span><\/a><\/p>\n","protected":false},"author":1,"featured_media":0,"parent":0,"menu_order":0,"comment_status":"closed","ping_status":"closed","template":"","meta":{"footnotes":""},"class_list":["post-156","page","type-page","status-publish","hentry"],"_links":{"self":[{"href":"https:\/\/www.tiihelina.com\/index.php?rest_route=\/wp\/v2\/pages\/156","targetHints":{"allow":["GET"]}}],"collection":[{"href":"https:\/\/www.tiihelina.com\/index.php?rest_route=\/wp\/v2\/pages"}],"about":[{"href":"https:\/\/www.tiihelina.com\/index.php?rest_route=\/wp\/v2\/types\/page"}],"author":[{"embeddable":true,"href":"https:\/\/www.tiihelina.com\/index.php?rest_route=\/wp\/v2\/users\/1"}],"replies":[{"embeddable":true,"href":"https:\/\/www.tiihelina.com\/index.php?rest_route=%2Fwp%2Fv2%2Fcomments&post=156"}],"version-history":[{"count":14,"href":"https:\/\/www.tiihelina.com\/index.php?rest_route=\/wp\/v2\/pages\/156\/revisions"}],"predecessor-version":[{"id":597,"href":"https:\/\/www.tiihelina.com\/index.php?rest_route=\/wp\/v2\/pages\/156\/revisions\/597"}],"wp:attachment":[{"href":"https:\/\/www.tiihelina.com\/index.php?rest_route=%2Fwp%2Fv2%2Fmedia&parent=156"}],"curies":[{"name":"wp","href":"https:\/\/api.w.org\/{rel}","templated":true}]}}