{"id":353,"date":"2025-02-19T20:39:29","date_gmt":"2025-02-19T18:39:29","guid":{"rendered":"https:\/\/www.tiihelina.com\/?page_id=353"},"modified":"2025-02-19T20:39:30","modified_gmt":"2025-02-19T18:39:30","slug":"unet","status":"publish","type":"page","link":"https:\/\/www.tiihelina.com\/?page_id=353&lang=fi","title":{"rendered":"Unet"},"content":{"rendered":"\n<p><strong>Soap Bubble Dreams<\/strong>, 2022. <\/p>\n\n\n\n<p>Sarja on saanut inspiraationsa unista, toisista vaihtoehtoisista todellisuuksista sek\u00e4 ajasta ja sen olemuksesta. Saippuakupla on hauras, l\u00e4pin\u00e4kyv\u00e4, kaunis, lapsuuden leikki, kevyt, olemassa vain hetken. Sarjassani saippuakuplan pinta on my\u00f6s hyvin ohut raja meid\u00e4n ja toisen todellisuuden v\u00e4lill\u00e4.<\/p>\n\n\n<div class=\"wp-block-image\">\n<figure class=\"aligncenter size-large\"><img loading=\"lazy\" decoding=\"async\" width=\"683\" height=\"1024\" src=\"https:\/\/www.tiihelina.com\/wp-content\/uploads\/2025\/02\/Tiitu-Veijola-Lonely-rider-\u2013-pieni-koko-683x1024.jpg\" alt=\"\" class=\"wp-image-396\" srcset=\"https:\/\/www.tiihelina.com\/wp-content\/uploads\/2025\/02\/Tiitu-Veijola-Lonely-rider-\u2013-pieni-koko-683x1024.jpg 683w, https:\/\/www.tiihelina.com\/wp-content\/uploads\/2025\/02\/Tiitu-Veijola-Lonely-rider-\u2013-pieni-koko-200x300.jpg 200w, https:\/\/www.tiihelina.com\/wp-content\/uploads\/2025\/02\/Tiitu-Veijola-Lonely-rider-\u2013-pieni-koko-768x1152.jpg 768w, https:\/\/www.tiihelina.com\/wp-content\/uploads\/2025\/02\/Tiitu-Veijola-Lonely-rider-\u2013-pieni-koko-1024x1536.jpg 1024w, https:\/\/www.tiihelina.com\/wp-content\/uploads\/2025\/02\/Tiitu-Veijola-Lonely-rider-\u2013-pieni-koko-1365x2048.jpg 1365w, https:\/\/www.tiihelina.com\/wp-content\/uploads\/2025\/02\/Tiitu-Veijola-Lonely-rider-\u2013-pieni-koko-scaled.jpg 1707w\" sizes=\"auto, (max-width: 683px) 100vw, 683px\" \/><figcaption class=\"wp-element-caption\">Lonely Driver, 2022<\/figcaption><\/figure>\n<\/div>\n\n\n<figure class=\"wp-block-image size-large\"><img loading=\"lazy\" decoding=\"async\" width=\"1024\" height=\"683\" src=\"https:\/\/www.tiihelina.com\/wp-content\/uploads\/2025\/02\/Tiitu-Veijola-Unet-odottavat-nakijaansa-Dreams-Waiting-For-Their-Seer-\u2013pieni-koko-1024x683.jpg\" alt=\"\" class=\"wp-image-394\" srcset=\"https:\/\/www.tiihelina.com\/wp-content\/uploads\/2025\/02\/Tiitu-Veijola-Unet-odottavat-nakijaansa-Dreams-Waiting-For-Their-Seer-\u2013pieni-koko-1024x683.jpg 1024w, https:\/\/www.tiihelina.com\/wp-content\/uploads\/2025\/02\/Tiitu-Veijola-Unet-odottavat-nakijaansa-Dreams-Waiting-For-Their-Seer-\u2013pieni-koko-300x200.jpg 300w, https:\/\/www.tiihelina.com\/wp-content\/uploads\/2025\/02\/Tiitu-Veijola-Unet-odottavat-nakijaansa-Dreams-Waiting-For-Their-Seer-\u2013pieni-koko-768x512.jpg 768w, https:\/\/www.tiihelina.com\/wp-content\/uploads\/2025\/02\/Tiitu-Veijola-Unet-odottavat-nakijaansa-Dreams-Waiting-For-Their-Seer-\u2013pieni-koko-1536x1024.jpg 1536w, https:\/\/www.tiihelina.com\/wp-content\/uploads\/2025\/02\/Tiitu-Veijola-Unet-odottavat-nakijaansa-Dreams-Waiting-For-Their-Seer-\u2013pieni-koko-2048x1365.jpg 2048w\" sizes=\"auto, (max-width: 1024px) 100vw, 1024px\" \/><figcaption class=\"wp-element-caption\"> Unet odottavat n\u00e4kij\u00e4\u00e4ns\u00e4, 2022<\/figcaption><\/figure>\n\n\n\n<p><strong>Dreamkeeper<\/strong>, 2022.<\/p>\n\n\n\n<p>Unienkantaja pitelee unien aineksia k\u00e4siss\u00e4\u00e4n ja valaa niihin unien alkuvoiman omista unistaan.<\/p>\n\n\n\n<figure class=\"wp-block-image size-large\"><img loading=\"lazy\" decoding=\"async\" width=\"1024\" height=\"683\" src=\"https:\/\/www.tiihelina.com\/wp-content\/uploads\/2025\/02\/3.-Unien-pitelija-I-Dreamkeeper-I-\u2013-pieni-koko-1024x683.jpg\" alt=\"\" class=\"wp-image-390\" srcset=\"https:\/\/www.tiihelina.com\/wp-content\/uploads\/2025\/02\/3.-Unien-pitelija-I-Dreamkeeper-I-\u2013-pieni-koko-1024x683.jpg 1024w, https:\/\/www.tiihelina.com\/wp-content\/uploads\/2025\/02\/3.-Unien-pitelija-I-Dreamkeeper-I-\u2013-pieni-koko-300x200.jpg 300w, https:\/\/www.tiihelina.com\/wp-content\/uploads\/2025\/02\/3.-Unien-pitelija-I-Dreamkeeper-I-\u2013-pieni-koko-768x512.jpg 768w, https:\/\/www.tiihelina.com\/wp-content\/uploads\/2025\/02\/3.-Unien-pitelija-I-Dreamkeeper-I-\u2013-pieni-koko-1536x1024.jpg 1536w, https:\/\/www.tiihelina.com\/wp-content\/uploads\/2025\/02\/3.-Unien-pitelija-I-Dreamkeeper-I-\u2013-pieni-koko-2048x1365.jpg 2048w\" sizes=\"auto, (max-width: 1024px) 100vw, 1024px\" \/><figcaption class=\"wp-element-caption\">Dreamkeeper I, 2022<\/figcaption><\/figure>\n\n\n\n<figure class=\"wp-block-image size-large\"><img loading=\"lazy\" decoding=\"async\" width=\"1024\" height=\"683\" src=\"https:\/\/www.tiihelina.com\/wp-content\/uploads\/2025\/02\/3.-Unien-pitelija-II-Dreamkeeper-II-\u2013-pieni-koko-1024x683.jpg\" alt=\"\" class=\"wp-image-391\" srcset=\"https:\/\/www.tiihelina.com\/wp-content\/uploads\/2025\/02\/3.-Unien-pitelija-II-Dreamkeeper-II-\u2013-pieni-koko-1024x683.jpg 1024w, https:\/\/www.tiihelina.com\/wp-content\/uploads\/2025\/02\/3.-Unien-pitelija-II-Dreamkeeper-II-\u2013-pieni-koko-300x200.jpg 300w, https:\/\/www.tiihelina.com\/wp-content\/uploads\/2025\/02\/3.-Unien-pitelija-II-Dreamkeeper-II-\u2013-pieni-koko-768x512.jpg 768w, https:\/\/www.tiihelina.com\/wp-content\/uploads\/2025\/02\/3.-Unien-pitelija-II-Dreamkeeper-II-\u2013-pieni-koko-1536x1024.jpg 1536w, https:\/\/www.tiihelina.com\/wp-content\/uploads\/2025\/02\/3.-Unien-pitelija-II-Dreamkeeper-II-\u2013-pieni-koko-2048x1366.jpg 2048w\" sizes=\"auto, (max-width: 1024px) 100vw, 1024px\" \/><figcaption class=\"wp-element-caption\">Dreamkeeper II, 2022<\/figcaption><\/figure>\n","protected":false},"excerpt":{"rendered":"<p>Soap Bubble Dreams, 2022. Sarja on saanut inspiraationsa unista, toisista vaihtoehtoisista todellisuuksista sek\u00e4 ajasta ja sen olemuksesta. Saippuakupla on hauras, l\u00e4pin\u00e4kyv\u00e4, kaunis, lapsuuden leikki, kevyt, olemassa vain hetken. Sarjassani saippuakuplan<\/p>\n<p class=\"more-link\"><a href=\"https:\/\/www.tiihelina.com\/?page_id=353&#038;lang=fi\" class=\"readmore\">Continue reading<svg class=\"icon icon-arrow-right\" aria-hidden=\"true\" role=\"img\"> <use href=\"#icon-arrow-right\" xlink:href=\"#icon-arrow-right\"><\/use> <\/svg><span class=\"screen-reader-text\">Unet<\/span><\/a><\/p>\n","protected":false},"author":1,"featured_media":0,"parent":0,"menu_order":0,"comment_status":"closed","ping_status":"closed","template":"","meta":{"footnotes":""},"class_list":["post-353","page","type-page","status-publish","hentry"],"_links":{"self":[{"href":"https:\/\/www.tiihelina.com\/index.php?rest_route=\/wp\/v2\/pages\/353","targetHints":{"allow":["GET"]}}],"collection":[{"href":"https:\/\/www.tiihelina.com\/index.php?rest_route=\/wp\/v2\/pages"}],"about":[{"href":"https:\/\/www.tiihelina.com\/index.php?rest_route=\/wp\/v2\/types\/page"}],"author":[{"embeddable":true,"href":"https:\/\/www.tiihelina.com\/index.php?rest_route=\/wp\/v2\/users\/1"}],"replies":[{"embeddable":true,"href":"https:\/\/www.tiihelina.com\/index.php?rest_route=%2Fwp%2Fv2%2Fcomments&post=353"}],"version-history":[{"count":5,"href":"https:\/\/www.tiihelina.com\/index.php?rest_route=\/wp\/v2\/pages\/353\/revisions"}],"predecessor-version":[{"id":433,"href":"https:\/\/www.tiihelina.com\/index.php?rest_route=\/wp\/v2\/pages\/353\/revisions\/433"}],"wp:attachment":[{"href":"https:\/\/www.tiihelina.com\/index.php?rest_route=%2Fwp%2Fv2%2Fmedia&parent=353"}],"curies":[{"name":"wp","href":"https:\/\/api.w.org\/{rel}","templated":true}]}}