{"id":360,"date":"2025-02-19T20:36:14","date_gmt":"2025-02-19T18:36:14","guid":{"rendered":"https:\/\/www.tiihelina.com\/?page_id=360"},"modified":"2025-02-22T12:52:40","modified_gmt":"2025-02-22T10:52:40","slug":"maa","status":"publish","type":"page","link":"https:\/\/www.tiihelina.com\/?page_id=360&lang=fi","title":{"rendered":"Maa"},"content":{"rendered":"\n<p>Maapallo on ainoa kotimme, \u00c4iti Maa. Ihmisen toiminta aiheuttaa sille tuhoa ja valtavia muutoksia, sill\u00e4 luonnonvaroja kulutetaan t\u00e4ysin kest\u00e4m\u00e4tt\u00f6m\u00e4ll\u00e4 tavalla. Ilmastonmuutos, luonnon monimuotoisuuden v\u00e4heneminen ja merten ekosysteemien k\u00f6yhtyminen ovat suoria seurauksia t\u00e4st\u00e4.<\/p>\n\n\n\n<p><em><strong>Almost There<\/strong><\/em>, 2021<\/p>\n\n\n\n<p>Valokuvasarjassa pohdin yhteytt\u00e4 luontoon ja universumiin: miten kaikki on yhteydess\u00e4 toisiinsa.<\/p>\n\n\n\n<p>Kuten t\u00e4ss\u00e4kin sarjassa, unien logiikka, mytologiset elementit sek\u00e4 yhteydet animistisiin ja \u0161amanistisiin maailmankatsomuksiin ovat usein l\u00e4sn\u00e4 teoksissani.<\/p>\n\n\n\n<figure class=\"wp-block-image size-large\"><img loading=\"lazy\" decoding=\"async\" width=\"1024\" height=\"683\" src=\"https:\/\/www.tiihelina.com\/wp-content\/uploads\/2025\/02\/Tiitu-Veijola-Rannalla-\u2013-pieni-koko-1024x683.jpg\" alt=\"\" class=\"wp-image-398\" srcset=\"https:\/\/www.tiihelina.com\/wp-content\/uploads\/2025\/02\/Tiitu-Veijola-Rannalla-\u2013-pieni-koko-1024x683.jpg 1024w, https:\/\/www.tiihelina.com\/wp-content\/uploads\/2025\/02\/Tiitu-Veijola-Rannalla-\u2013-pieni-koko-300x200.jpg 300w, https:\/\/www.tiihelina.com\/wp-content\/uploads\/2025\/02\/Tiitu-Veijola-Rannalla-\u2013-pieni-koko-768x512.jpg 768w, https:\/\/www.tiihelina.com\/wp-content\/uploads\/2025\/02\/Tiitu-Veijola-Rannalla-\u2013-pieni-koko-1536x1024.jpg 1536w, https:\/\/www.tiihelina.com\/wp-content\/uploads\/2025\/02\/Tiitu-Veijola-Rannalla-\u2013-pieni-koko-2048x1365.jpg 2048w\" sizes=\"auto, (max-width: 1024px) 100vw, 1024px\" \/><\/figure>\n\n\n\n<figure class=\"wp-block-image size-large\"><img loading=\"lazy\" decoding=\"async\" width=\"1024\" height=\"683\" src=\"https:\/\/www.tiihelina.com\/wp-content\/uploads\/2025\/02\/Tiitu-Veijola-Jaasta-katsoja-\u2013-pieni-koko-1024x683.jpg\" alt=\"\" class=\"wp-image-399\" srcset=\"https:\/\/www.tiihelina.com\/wp-content\/uploads\/2025\/02\/Tiitu-Veijola-Jaasta-katsoja-\u2013-pieni-koko-1024x683.jpg 1024w, https:\/\/www.tiihelina.com\/wp-content\/uploads\/2025\/02\/Tiitu-Veijola-Jaasta-katsoja-\u2013-pieni-koko-300x200.jpg 300w, https:\/\/www.tiihelina.com\/wp-content\/uploads\/2025\/02\/Tiitu-Veijola-Jaasta-katsoja-\u2013-pieni-koko-768x512.jpg 768w, https:\/\/www.tiihelina.com\/wp-content\/uploads\/2025\/02\/Tiitu-Veijola-Jaasta-katsoja-\u2013-pieni-koko-1536x1024.jpg 1536w, https:\/\/www.tiihelina.com\/wp-content\/uploads\/2025\/02\/Tiitu-Veijola-Jaasta-katsoja-\u2013-pieni-koko-2048x1365.jpg 2048w\" sizes=\"auto, (max-width: 1024px) 100vw, 1024px\" \/><\/figure>\n\n\n\n<figure class=\"wp-block-image size-large\"><img loading=\"lazy\" decoding=\"async\" width=\"1024\" height=\"683\" src=\"https:\/\/www.tiihelina.com\/wp-content\/uploads\/2025\/02\/Tiitu-Veijola-Melkein-perilla-Almost-There-\u2013-pieni-koko-1024x683.jpg\" alt=\"\" class=\"wp-image-400\" srcset=\"https:\/\/www.tiihelina.com\/wp-content\/uploads\/2025\/02\/Tiitu-Veijola-Melkein-perilla-Almost-There-\u2013-pieni-koko-1024x683.jpg 1024w, https:\/\/www.tiihelina.com\/wp-content\/uploads\/2025\/02\/Tiitu-Veijola-Melkein-perilla-Almost-There-\u2013-pieni-koko-300x200.jpg 300w, https:\/\/www.tiihelina.com\/wp-content\/uploads\/2025\/02\/Tiitu-Veijola-Melkein-perilla-Almost-There-\u2013-pieni-koko-768x512.jpg 768w, https:\/\/www.tiihelina.com\/wp-content\/uploads\/2025\/02\/Tiitu-Veijola-Melkein-perilla-Almost-There-\u2013-pieni-koko-1536x1024.jpg 1536w, https:\/\/www.tiihelina.com\/wp-content\/uploads\/2025\/02\/Tiitu-Veijola-Melkein-perilla-Almost-There-\u2013-pieni-koko-2048x1365.jpg 2048w\" sizes=\"auto, (max-width: 1024px) 100vw, 1024px\" \/><\/figure>\n\n\n\n<p><em><strong>Kiven v\u00e4ki<\/strong><\/em>, 2024<\/p>\n\n\n\n<p>Ennen kristinuskon aikakautta suomalaiset uskoivat erilaisiin jumaliin ja henkiin, jotka eliv\u00e4t ja hallitsivat muun muassa metsi\u00e4 ja j\u00e4rvi\u00e4. N\u00e4ill\u00e4 mets\u00e4n haltijoilla oli eri nimi\u00e4 ja muotoja. Mets\u00e4\u00e4 piti my\u00f6s lepytt\u00e4\u00e4 eri tavoin, jotta se huolehtisi sis\u00e4\u00e4n astuvista ja tarjoaisi riistaa ja muita mets\u00e4n antimia. Metsiss\u00e4 oli pyhi\u00e4 paikkoja, joissa uskottiin asuvan haltija tai jumaluus, tai ajateltiin, ett\u00e4 n\u00e4iden paikkojen kautta voi p\u00e4\u00e4st\u00e4 yhteyteen kuolleiden ja tuonpuoleisten voimien kanssa.<\/p>\n\n\n\n<p>Saamelaisille seidat ovat olleet pyhi\u00e4 paikkoja, joissa on palvottu t\u00e4rkeit\u00e4 jumalia tai luontohenki\u00e4.<\/p>\n\n\n\n<p>Minulle kivet edustavat muinaista voimaa, pysyvyytt\u00e4, turvallisuutta ja rauhaa. Olen aina kokenut kivet el\u00e4vin\u00e4 olentoina: kiviss\u00e4 asuu henki, joka on ollut t\u00e4\u00e4ll\u00e4 paljon pidemp\u00e4\u00e4n kuin ihmiset ja joka j\u00e4\u00e4 t\u00e4nne meid\u00e4n j\u00e4lkeemme.<\/p>\n\n\n\n<p>Valokuvasarja on kuvattu Inarissa, Pielpaj\u00e4rven l\u00e4heisyydess\u00e4.<\/p>\n\n\n\n<figure class=\"wp-block-image size-large\"><img loading=\"lazy\" decoding=\"async\" width=\"1024\" height=\"683\" src=\"https:\/\/www.tiihelina.com\/wp-content\/uploads\/2025\/02\/pielpajarvi-nainen-kivella-istuen-\u2013-pieni-koko-1024x683.jpg\" alt=\"\" class=\"wp-image-403\" srcset=\"https:\/\/www.tiihelina.com\/wp-content\/uploads\/2025\/02\/pielpajarvi-nainen-kivella-istuen-\u2013-pieni-koko-1024x683.jpg 1024w, https:\/\/www.tiihelina.com\/wp-content\/uploads\/2025\/02\/pielpajarvi-nainen-kivella-istuen-\u2013-pieni-koko-300x200.jpg 300w, https:\/\/www.tiihelina.com\/wp-content\/uploads\/2025\/02\/pielpajarvi-nainen-kivella-istuen-\u2013-pieni-koko-768x512.jpg 768w, https:\/\/www.tiihelina.com\/wp-content\/uploads\/2025\/02\/pielpajarvi-nainen-kivella-istuen-\u2013-pieni-koko-1536x1024.jpg 1536w, https:\/\/www.tiihelina.com\/wp-content\/uploads\/2025\/02\/pielpajarvi-nainen-kivella-istuen-\u2013-pieni-koko-2048x1365.jpg 2048w\" sizes=\"auto, (max-width: 1024px) 100vw, 1024px\" \/><\/figure>\n\n\n\n<figure class=\"wp-block-image size-large\"><img loading=\"lazy\" decoding=\"async\" width=\"1024\" height=\"683\" src=\"https:\/\/www.tiihelina.com\/wp-content\/uploads\/2025\/02\/pielpajarvi-nainen-kivella-\u2013-pieni-koko-1024x683.jpg\" alt=\"\" class=\"wp-image-402\" srcset=\"https:\/\/www.tiihelina.com\/wp-content\/uploads\/2025\/02\/pielpajarvi-nainen-kivella-\u2013-pieni-koko-1024x683.jpg 1024w, https:\/\/www.tiihelina.com\/wp-content\/uploads\/2025\/02\/pielpajarvi-nainen-kivella-\u2013-pieni-koko-300x200.jpg 300w, https:\/\/www.tiihelina.com\/wp-content\/uploads\/2025\/02\/pielpajarvi-nainen-kivella-\u2013-pieni-koko-768x512.jpg 768w, https:\/\/www.tiihelina.com\/wp-content\/uploads\/2025\/02\/pielpajarvi-nainen-kivella-\u2013-pieni-koko-1536x1024.jpg 1536w, https:\/\/www.tiihelina.com\/wp-content\/uploads\/2025\/02\/pielpajarvi-nainen-kivella-\u2013-pieni-koko-2048x1365.jpg 2048w\" sizes=\"auto, (max-width: 1024px) 100vw, 1024px\" \/><\/figure>\n\n\n\n<figure class=\"wp-block-image size-large\"><img loading=\"lazy\" decoding=\"async\" width=\"1024\" height=\"683\" src=\"https:\/\/www.tiihelina.com\/wp-content\/uploads\/2025\/02\/kiven-vaki-2-\u2013-pieni-koko-1024x683.jpg\" alt=\"\" class=\"wp-image-401\" srcset=\"https:\/\/www.tiihelina.com\/wp-content\/uploads\/2025\/02\/kiven-vaki-2-\u2013-pieni-koko-1024x683.jpg 1024w, https:\/\/www.tiihelina.com\/wp-content\/uploads\/2025\/02\/kiven-vaki-2-\u2013-pieni-koko-300x200.jpg 300w, https:\/\/www.tiihelina.com\/wp-content\/uploads\/2025\/02\/kiven-vaki-2-\u2013-pieni-koko-768x512.jpg 768w, https:\/\/www.tiihelina.com\/wp-content\/uploads\/2025\/02\/kiven-vaki-2-\u2013-pieni-koko-1536x1024.jpg 1536w, https:\/\/www.tiihelina.com\/wp-content\/uploads\/2025\/02\/kiven-vaki-2-\u2013-pieni-koko-2048x1365.jpg 2048w\" sizes=\"auto, (max-width: 1024px) 100vw, 1024px\" \/><\/figure>\n","protected":false},"excerpt":{"rendered":"<p>Maapallo on ainoa kotimme, \u00c4iti Maa. Ihmisen toiminta aiheuttaa sille tuhoa ja valtavia muutoksia, sill\u00e4 luonnonvaroja kulutetaan t\u00e4ysin kest\u00e4m\u00e4tt\u00f6m\u00e4ll\u00e4 tavalla. Ilmastonmuutos, luonnon monimuotoisuuden v\u00e4heneminen ja merten ekosysteemien k\u00f6yhtyminen ovat suoria<\/p>\n<p class=\"more-link\"><a href=\"https:\/\/www.tiihelina.com\/?page_id=360&#038;lang=fi\" class=\"readmore\">Continue reading<svg class=\"icon icon-arrow-right\" aria-hidden=\"true\" role=\"img\"> <use href=\"#icon-arrow-right\" xlink:href=\"#icon-arrow-right\"><\/use> <\/svg><span class=\"screen-reader-text\">Maa<\/span><\/a><\/p>\n","protected":false},"author":1,"featured_media":0,"parent":0,"menu_order":0,"comment_status":"closed","ping_status":"closed","template":"","meta":{"footnotes":""},"class_list":["post-360","page","type-page","status-publish","hentry"],"_links":{"self":[{"href":"https:\/\/www.tiihelina.com\/index.php?rest_route=\/wp\/v2\/pages\/360","targetHints":{"allow":["GET"]}}],"collection":[{"href":"https:\/\/www.tiihelina.com\/index.php?rest_route=\/wp\/v2\/pages"}],"about":[{"href":"https:\/\/www.tiihelina.com\/index.php?rest_route=\/wp\/v2\/types\/page"}],"author":[{"embeddable":true,"href":"https:\/\/www.tiihelina.com\/index.php?rest_route=\/wp\/v2\/users\/1"}],"replies":[{"embeddable":true,"href":"https:\/\/www.tiihelina.com\/index.php?rest_route=%2Fwp%2Fv2%2Fcomments&post=360"}],"version-history":[{"count":5,"href":"https:\/\/www.tiihelina.com\/index.php?rest_route=\/wp\/v2\/pages\/360\/revisions"}],"predecessor-version":[{"id":492,"href":"https:\/\/www.tiihelina.com\/index.php?rest_route=\/wp\/v2\/pages\/360\/revisions\/492"}],"wp:attachment":[{"href":"https:\/\/www.tiihelina.com\/index.php?rest_route=%2Fwp%2Fv2%2Fmedia&parent=360"}],"curies":[{"name":"wp","href":"https:\/\/api.w.org\/{rel}","templated":true}]}}