{"id":371,"date":"2025-02-22T13:35:02","date_gmt":"2025-02-22T11:35:02","guid":{"rendered":"https:\/\/www.tiihelina.com\/?page_id=371"},"modified":"2025-08-19T15:55:24","modified_gmt":"2025-08-19T12:55:24","slug":"bio-2","status":"publish","type":"page","link":"https:\/\/www.tiihelina.com\/?page_id=371&lang=fi","title":{"rendered":"Bio"},"content":{"rendered":"\n<h5 class=\"wp-block-heading\">Taidealan koulutus ja kurssit<\/h5>\n\n\n\n<p>08\/2021-01\/2024 Kuvataiteilija, Digitaalinen taide, Lapin Ammattikorkeakoulu, Tornio<\/p>\n\n\n\n<p>09\/2017-05\/2018 Taidemaalarin opinnot, Vapaa Taidekoulu, Helsinki<\/p>\n\n\n\n<p>09\/2016 -05\/2017 Musiikkiterapian perusopinnot, Jyv\u00e4skyl\u00e4n Avoin Yliopisto, Jyv\u00e4skyl\u00e4<\/p>\n\n\n\n<p>08\/2014-06\/2015 Ekspressiivisen taideterapian perusopinnot, InArtes Instituutti, Helsinki<\/p>\n\n\n\n<p>09\/2013-05\/2014 Taidehistorian perusopinnot, Helsingin Yliopiston Avoin Yliopisto, Helsinki<\/p>\n\n\n\n<h5 class=\"wp-block-heading\">Yksityisn\u00e4yttelyt<\/h5>\n\n\n\n<p>08\/2025 Cheers To The Sea, Non-stop valokuvaesitys, Taiteiden y\u00f6, Tyrn\u00e4v\u00e4<\/p>\n\n\n\n<p>05-06\/2025 Keraamisia mobileita ja maalauksia, Kahvila Kiikku, Oulu<\/p>\n\n\n\n<p>08\/2024 Non-stop valokuvaesitys, Taiteiden y\u00f6, Tyrn\u00e4v\u00e4<\/p>\n\n\n\n<p>11\/2023 In Dark Waters &amp; A Poem, videoteokset, Marrastulet-festivaali, Tyrn\u00e4v\u00e4<\/p>\n\n\n\n<p>12\/2019 Hengenvetoja, Tyrn\u00e4v\u00e4n kunnan n\u00e4yttelytila<\/p>\n\n\n\n<p>06\/2019 Unien tyt\u00e4r, Galleria kajaste Uusikatu, Oulu<\/p>\n\n\n\n<p>12\/2018 Matkoja\/N\u00e4kyj\u00e4, Vanha Pappila, Tyrn\u00e4v\u00e4<\/p>\n\n\n\n<p>08\/2018 Luista ja Ytimist\u00e4, taiteilijan ty\u00f6skentelytila, Tyrn\u00e4v\u00e4<\/p>\n\n\n\n<h5 class=\"wp-block-heading\">Ryhm\u00e4n\u00e4yttelyt<\/h5>\n\n\n\n<p>07-08\/2025 Arto-taidelainaamo, Oulun Kuvataiteen talo, Oulu<\/p>\n\n\n\n<p>06-08\/2024 Kuvataiteen valtakunta, Myllyranta, M\u00e4ntt\u00e4<\/p>\n\n\n\n<p>11\/2023 PIOT -poikkitaiteellinen valofestivaali, Aineen taidemuseo, Tornio<\/p>\n\n\n\n<p>01\/2023 Pakanoiden paluu, Pohjoinen valokuvakeskus, Kemi<\/p>\n\n\n\n<p>05\/2022 Uni-Versumi 2022, Lappari El\u00e4myspuisto, Tornio<\/p>\n\n\n\n<p>03\/2022 Patched Soil &#8211; Paikattu Maa, Arctic Design Week, Rovaniemi<\/p>\n\n\n\n<p>08\/2019 Kolmen taiteilijan yhteisn\u00e4yttely (Matti Heiskari, Jouko Korkala, Tiitu Veijola), Galleria Conrad, Tyrn\u00e4v\u00e4<\/p>\n\n\n\n<p>05\/2018 Vapaan Ykk\u00f6set, Galleria Vaaga, Helsinki<\/p>\n\n\n\n<p>07\/2016 Viestej\u00e4 ytimest\u00e4, Nikkil\u00e4n kirjasto, Sipoo<\/p>\n\n\n\n<h5 class=\"wp-block-heading\">Kuvitusty\u00f6t ja visuaalisen ilmeen suunnittelu<\/h5>\n\n\n\n<p>05\/2024 Perhelukemisen hanke (www.luepa.fi\/perhelukemisen-ohjelma)<\/p>\n\n\n\n<h5 class=\"wp-block-heading\">Julkiset kokoelmat<\/h5>\n\n\n\n<p>07\/2024 Arctica &#8211; Valon pisaroita, OP (Osuuspankki)<\/p>\n\n\n\n<h5 class=\"wp-block-heading\">J\u00e4senyydet<\/h5>\n\n\n\n<p>Oulun Taiteilijaseura -63 ry<\/p>\n","protected":false},"excerpt":{"rendered":"<p>Taidealan koulutus ja kurssit 08\/2021-01\/2024 Kuvataiteilija, Digitaalinen taide, Lapin Ammattikorkeakoulu, Tornio 09\/2017-05\/2018 Taidemaalarin opinnot, Vapaa Taidekoulu, Helsinki 09\/2016 -05\/2017 Musiikkiterapian perusopinnot, Jyv\u00e4skyl\u00e4n Avoin Yliopisto, Jyv\u00e4skyl\u00e4 08\/2014-06\/2015 Ekspressiivisen taideterapian perusopinnot, InArtes<\/p>\n<p class=\"more-link\"><a href=\"https:\/\/www.tiihelina.com\/?page_id=371&#038;lang=fi\" class=\"readmore\">Continue reading<svg class=\"icon icon-arrow-right\" aria-hidden=\"true\" role=\"img\"> <use href=\"#icon-arrow-right\" xlink:href=\"#icon-arrow-right\"><\/use> <\/svg><span class=\"screen-reader-text\">Bio<\/span><\/a><\/p>\n","protected":false},"author":1,"featured_media":0,"parent":0,"menu_order":0,"comment_status":"closed","ping_status":"closed","template":"","meta":{"footnotes":""},"class_list":["post-371","page","type-page","status-publish","hentry"],"_links":{"self":[{"href":"https:\/\/www.tiihelina.com\/index.php?rest_route=\/wp\/v2\/pages\/371","targetHints":{"allow":["GET"]}}],"collection":[{"href":"https:\/\/www.tiihelina.com\/index.php?rest_route=\/wp\/v2\/pages"}],"about":[{"href":"https:\/\/www.tiihelina.com\/index.php?rest_route=\/wp\/v2\/types\/page"}],"author":[{"embeddable":true,"href":"https:\/\/www.tiihelina.com\/index.php?rest_route=\/wp\/v2\/users\/1"}],"replies":[{"embeddable":true,"href":"https:\/\/www.tiihelina.com\/index.php?rest_route=%2Fwp%2Fv2%2Fcomments&post=371"}],"version-history":[{"count":8,"href":"https:\/\/www.tiihelina.com\/index.php?rest_route=\/wp\/v2\/pages\/371\/revisions"}],"predecessor-version":[{"id":594,"href":"https:\/\/www.tiihelina.com\/index.php?rest_route=\/wp\/v2\/pages\/371\/revisions\/594"}],"wp:attachment":[{"href":"https:\/\/www.tiihelina.com\/index.php?rest_route=%2Fwp%2Fv2%2Fmedia&parent=371"}],"curies":[{"name":"wp","href":"https:\/\/api.w.org\/{rel}","templated":true}]}}