{"id":373,"date":"2025-02-22T13:04:13","date_gmt":"2025-02-22T11:04:13","guid":{"rendered":"https:\/\/www.tiihelina.com\/?page_id=373"},"modified":"2025-02-22T13:39:02","modified_gmt":"2025-02-22T11:39:02","slug":"matkan-varrelta","status":"publish","type":"page","link":"https:\/\/www.tiihelina.com\/?page_id=373&lang=fi","title":{"rendered":"Matkan varrelta"},"content":{"rendered":"\n<p>Vuosien varrella kamera on matkannut mukana miss\u00e4 ikin\u00e4 kuljenkin. Varsinaisten projektiluontoisten taidevalokuvien ja videoteosten lis\u00e4ksi kuvaan matkani varrella valtavasti satunnaisia yksitt\u00e4isi\u00e4 otoksia. Usein n\u00e4m\u00e4 kuvat eiv\u00e4t p\u00e4\u00e4dy n\u00e4yttelyihin tai teosten ostajien seinille roikkumaan. Kuvat ovat kuitenkin mit\u00e4 suuremmassa m\u00e4\u00e4rin osa tuotantoani. Ne saattavat olla otettu kesken jotakin toista prosessia tai olen halunnut ohimenness\u00e4ni tallentaa jonkin tietyn hetken, joka on kiinnitt\u00e4nyt huomioni.<\/p>\n\n\n\n<figure class=\"wp-block-image\" id=\"block-ba966394-c1d3-49ab-a907-5a565040fa0f\"><img decoding=\"async\" src=\"https:\/\/www.tiihelina.com\/wp-content\/uploads\/2023\/02\/20211123_tiituv_Aamun-valo-Kalliossa_2021_mg_-5058TiituV_kuvia_syksy_202193_MG_5058-1024x683.jpg\" alt=\"T\u00e4m\u00e4n kuvan alt-attribuutti on tyhj\u00e4; Tiedoston nimi on 20211123_tiituv_Aamun-valo-Kalliossa_2021_mg_-5058TiituV_kuvia_syksy_202193_MG_5058-1024x683.jpg\"\/><\/figure>\n\n\n\n<figure class=\"wp-block-image\" id=\"block-b242bd54-8c0f-4ed1-bfea-689264bc39c0\"><img decoding=\"async\" src=\"https:\/\/www.tiihelina.com\/wp-content\/uploads\/2023\/02\/20211123_tiituv_Valon-savyt-1_2021_mg_-5060TiituV_kuvia_syksy_202195_MG_5060-1024x683.jpg\" alt=\"T\u00e4m\u00e4n kuvan alt-attribuutti on tyhj\u00e4; Tiedoston nimi on 20211123_tiituv_Valon-savyt-1_2021_mg_-5060TiituV_kuvia_syksy_202195_MG_5060-1024x683.jpg\"\/><figcaption class=\"wp-element-caption\">V\u00e4ris\u00e4teet, 2022<\/figcaption><\/figure>\n\n\n\n<figure class=\"wp-block-image\" id=\"block-3d406ddb-a976-4796-ba61-0acccaf44355\"><img decoding=\"async\" src=\"https:\/\/www.tiihelina.com\/wp-content\/uploads\/2023\/02\/20211110_tiituv_Ajan-koko-yon_0009_mg_3747TiituV_portfolio_syksy20216_MG_3747-1024x683.jpg\" alt=\"T\u00e4m\u00e4n kuvan alt-attribuutti on tyhj\u00e4; Tiedoston nimi on 20211110_tiituv_Ajan-koko-yon_0009_mg_3747TiituV_portfolio_syksy20216_MG_3747-1024x683.jpg\"\/><figcaption class=\"wp-element-caption\">Ajan koko y\u00f6n, 2021<\/figcaption><\/figure>\n\n\n\n<figure class=\"wp-block-image\" id=\"block-022120e3-9326-47ff-bb76-43d034669099\"><img decoding=\"async\" src=\"https:\/\/www.tiihelina.com\/wp-content\/uploads\/2023\/02\/20211123_tiituv_Vallila-WallStreet-At-Night_2021_mg_-4802TiituV_kuvia_syksy_202192_MG_4802-1024x683.jpg\" alt=\"T\u00e4m\u00e4n kuvan alt-attribuutti on tyhj\u00e4; Tiedoston nimi on 20211123_tiituv_Vallila-WallStreet-At-Night_2021_mg_-4802TiituV_kuvia_syksy_202192_MG_4802-1024x683.jpg\"\/><figcaption class=\"wp-element-caption\">Vallila Wall Street, 2022<\/figcaption><\/figure>\n\n\n\n<figure class=\"wp-block-image\" id=\"block-95645be9-2bdc-4f4d-b468-5cb50613b38a\"><img decoding=\"async\" src=\"https:\/\/www.tiihelina.com\/wp-content\/uploads\/2024\/04\/Sarastus-pieni-koko-1024x683.jpg\" alt=\"T\u00e4m\u00e4n kuvan alt-attribuutti on tyhj\u00e4; Tiedoston nimi on Sarastus-pieni-koko-1024x683.jpg\"\/><figcaption class=\"wp-element-caption\">Sarastus, 2021<\/figcaption><\/figure>\n\n\n<div class=\"wp-block-image\">\n<figure class=\"aligncenter\" id=\"block-07b8300b-7ede-42f6-aff6-ad07d6d44bf0\"><img decoding=\"async\" src=\"https:\/\/www.tiihelina.com\/wp-content\/uploads\/2023\/02\/20211110_tiituv_Loputon_0008_mg_7206TiituV_portfolio_syksy202130_MG_7206-660x1024.jpg\" alt=\"T\u00e4m\u00e4n kuvan alt-attribuutti on tyhj\u00e4; Tiedoston nimi on 20211110_tiituv_Loputon_0008_mg_7206TiituV_portfolio_syksy202130_MG_7206-660x1024.jpg\"\/><figcaption class=\"wp-element-caption\">Loputon, 2021<\/figcaption><\/figure>\n<\/div>","protected":false},"excerpt":{"rendered":"<p>Vuosien varrella kamera on matkannut mukana miss\u00e4 ikin\u00e4 kuljenkin. Varsinaisten projektiluontoisten taidevalokuvien ja videoteosten lis\u00e4ksi kuvaan matkani varrella valtavasti satunnaisia yksitt\u00e4isi\u00e4 otoksia. Usein n\u00e4m\u00e4 kuvat eiv\u00e4t p\u00e4\u00e4dy n\u00e4yttelyihin tai teosten<\/p>\n<p class=\"more-link\"><a href=\"https:\/\/www.tiihelina.com\/?page_id=373&#038;lang=fi\" class=\"readmore\">Continue reading<svg class=\"icon icon-arrow-right\" aria-hidden=\"true\" role=\"img\"> <use href=\"#icon-arrow-right\" xlink:href=\"#icon-arrow-right\"><\/use> <\/svg><span class=\"screen-reader-text\">Matkan varrelta<\/span><\/a><\/p>\n","protected":false},"author":1,"featured_media":0,"parent":0,"menu_order":0,"comment_status":"closed","ping_status":"closed","template":"","meta":{"footnotes":""},"class_list":["post-373","page","type-page","status-publish","hentry"],"_links":{"self":[{"href":"https:\/\/www.tiihelina.com\/index.php?rest_route=\/wp\/v2\/pages\/373","targetHints":{"allow":["GET"]}}],"collection":[{"href":"https:\/\/www.tiihelina.com\/index.php?rest_route=\/wp\/v2\/pages"}],"about":[{"href":"https:\/\/www.tiihelina.com\/index.php?rest_route=\/wp\/v2\/types\/page"}],"author":[{"embeddable":true,"href":"https:\/\/www.tiihelina.com\/index.php?rest_route=\/wp\/v2\/users\/1"}],"replies":[{"embeddable":true,"href":"https:\/\/www.tiihelina.com\/index.php?rest_route=%2Fwp%2Fv2%2Fcomments&post=373"}],"version-history":[{"count":5,"href":"https:\/\/www.tiihelina.com\/index.php?rest_route=\/wp\/v2\/pages\/373\/revisions"}],"predecessor-version":[{"id":515,"href":"https:\/\/www.tiihelina.com\/index.php?rest_route=\/wp\/v2\/pages\/373\/revisions\/515"}],"wp:attachment":[{"href":"https:\/\/www.tiihelina.com\/index.php?rest_route=%2Fwp%2Fv2%2Fmedia&parent=373"}],"curies":[{"name":"wp","href":"https:\/\/api.w.org\/{rel}","templated":true}]}}