{"id":376,"date":"2025-02-22T12:44:49","date_gmt":"2025-02-22T10:44:49","guid":{"rendered":"https:\/\/www.tiihelina.com\/?page_id=376"},"modified":"2025-09-09T13:36:23","modified_gmt":"2025-09-09T10:36:23","slug":"artist-statement","status":"publish","type":"page","link":"https:\/\/www.tiihelina.com\/?page_id=376&lang=fi","title":{"rendered":"TAITEILIJA\/ ARTIST STATEMENT"},"content":{"rendered":"\n<p class=\"has-text-align-center\"><strong>ARTIST STATEMENT<\/strong><\/p>\n\n\n\n<figure class=\"wp-block-pullquote\"><blockquote><p>Taitelijana olen villi tutkimusmatkailija, ja suuntaan katseeni sek\u00e4 kamerani ymp\u00e4r\u00f6iv\u00e4\u00e4n maailmaan etsiess\u00e4ni uusia n\u00e4k\u00f6kulmia. Videoteoksissani ja valokuvissani tutkin ihmisyyden ja luonnon salaisuuksia sek\u00e4 kaiken yhteytt\u00e4 ja merkityksi\u00e4. Unien, mytologioiden, tieteiden ja taiteiden risteyksess\u00e4 ilmi\u00f6t kietoutuvat yhteen ja avautuvat katsojan koettavaksi.<\/p><\/blockquote><\/figure>\n\n\n\n<p><strong>TIITU \/ TAITEILIJA<\/strong><\/p>\n\n\n\n<p>Ty\u00f6skentelen p\u00e4\u00e4asiassa kameran kanssa: teen videotaidetta ja valokuvaan. T\u00e4ll\u00e4 hetkell\u00e4 olen uppoutunut kuvaamaan erityisesti vedenalaista maailmaa. Uskon, ett\u00e4 eri taiteenlajit voivat kommunikoida kesken\u00e4\u00e4n ja tuoda toinen toisiinsa jotain uutta ja yll\u00e4tt\u00e4v\u00e4\u00e4. Tieni taiteilijaksi on kulkenut muun muassa teatterimaailman kautta. Lapsena olin varma, ett\u00e4 minusta tulee kirjailija. Nyky\u00e4\u00e4n ajattelen, ett\u00e4 jos en olisi taiteilija, olisin varmaankin meribiologi. My\u00f6s musiikki on t\u00e4rke\u00e4 osa el\u00e4m\u00e4\u00e4ni, ja \u00e4\u00e4nimaisemilla on olennainen rooli videoteoksissani. <\/p>\n\n\n\n<p>Esiinnyn usein teoksissani itse. Alunperin t\u00e4m\u00e4 johtui l\u00e4hinn\u00e4 k\u00e4yt\u00e4nn\u00f6llisyydest\u00e4, koska olen aina itseni saatavilla. Mutta ajan my\u00f6t\u00e4 t\u00e4st\u00e4 on tullut olennainen osa ty\u00f6skentelytapaani. Oman kehoni k\u00e4ytt\u00e4minen on tapa tutkia identiteetti\u00e4 ja representaatiota. Olen sek\u00e4 subjekti ett\u00e4 objekti, tekij\u00e4 ja teos. Olemalla l\u00e4sn\u00e4 omissa teoksissani voin my\u00f6s ottaa omiin k\u00e4siini sen,  miten kehoni ja l\u00e4sn\u00e4oloni esitet\u00e4\u00e4n. Toisinaan t\u00e4m\u00e4 l\u00e4sn\u00e4olo muuttuu er\u00e4\u00e4nlaiseksi performatiiviseksi kysymykseksi: kun katsoja kohtaa taiteilijan suoraan teoksessa, katse palautuu. En tarjoa vain jotakin katsottavaksi, vaan katson my\u00f6s takaisin.<\/p>\n\n\n\n<p>Taiteen tekeminen on minulle yhteyden luomista luonnon ja ymp\u00e4r\u00f6iv\u00e4n universumin kanssa sek\u00e4 uusien n\u00e4k\u00f6kulmien etsimist\u00e4. Inspiraationi kumpuaa tieteist\u00e4 ja taiteista, erilaisista ilmi\u00f6ist\u00e4, luonnosta, unista ja eri kansojen mytologioista. Teokseni syntyv\u00e4t usein leikillisen, mutta syv\u00e4llisen prosessin kautta, jossa uppoudun tiettyyn teemaan tutkien ja kokeillen ja oppien samalla uutta. Maailmankaikkeus on jatkuvassa liikkeess\u00e4, niin my\u00f6s min\u00e4 taiteilijana. Rakastan kulkea luonnossa ja tutkia uusia paikkoja. Uskon, ett\u00e4 villi energiani heijastuu my\u00f6s teoksistani.<\/p>\n\n\n\n<p>Olen syv\u00e4sti huolissani planeettamme tilasta ja pohdin usein taiteeni kautta, miten ihmisen teot vaikuttavat maapalloon. En kuitenkaan n\u00e4e taidettani pelk\u00e4st\u00e4\u00e4n kantaaottavana, vaan my\u00f6s paikkana, jossa leikillisyys ja syv\u00e4lliset pohdinnat kohtaavat ja jossa pienet hetket ja suuret kysymykset voivat el\u00e4\u00e4 rinnakkain. Haluan, ett\u00e4 teokseni tarjoavat katsojalle tilan, jotka viev\u00e4t tuntemattomiin ja yll\u00e4tt\u00e4viin paikkoihin, joissa ajatukset ja tunteet t\u00f6rm\u00e4\u00e4v\u00e4t, synnytt\u00e4en uusia oivalluksia ja jopa uusia kysymyksi\u00e4.<\/p>\n\n\n\n<p>Olen opiskellut digitaalista taidetta Lapin ammattikorkeakoulussa. Helsingiss\u00e4 opiskelin maalaustaidetta Vapaassa Taidekoulussa ja ekspressiivisi\u00e4 taideterapioita Inartes-instituutissa. Olen my\u00f6s opiskellut musiikkiterapiaa Jyv\u00e4skyl\u00e4n avoimessa yliopistossa.<\/p>\n\n\n\n<div class=\"wp-block-cover\"><img loading=\"lazy\" decoding=\"async\" width=\"823\" height=\"1024\" class=\"wp-block-cover__image-background wp-image-216\" alt=\"\" src=\"https:\/\/www.tiihelina.com\/wp-content\/uploads\/2024\/06\/taiteilijakuva-tiiliseina-\u2013-pieni-koko-823x1024.jpg\" data-object-fit=\"cover\" srcset=\"https:\/\/www.tiihelina.com\/wp-content\/uploads\/2024\/06\/taiteilijakuva-tiiliseina-\u2013-pieni-koko-823x1024.jpg 823w, https:\/\/www.tiihelina.com\/wp-content\/uploads\/2024\/06\/taiteilijakuva-tiiliseina-\u2013-pieni-koko-241x300.jpg 241w, https:\/\/www.tiihelina.com\/wp-content\/uploads\/2024\/06\/taiteilijakuva-tiiliseina-\u2013-pieni-koko-768x956.jpg 768w, https:\/\/www.tiihelina.com\/wp-content\/uploads\/2024\/06\/taiteilijakuva-tiiliseina-\u2013-pieni-koko-1234x1536.jpg 1234w, https:\/\/www.tiihelina.com\/wp-content\/uploads\/2024\/06\/taiteilijakuva-tiiliseina-\u2013-pieni-koko-1645x2048.jpg 1645w\" sizes=\"auto, (max-width: 823px) 100vw, 823px\" \/><span aria-hidden=\"true\" class=\"wp-block-cover__background has-background-dim\"><\/span><div class=\"wp-block-cover__inner-container is-layout-flow wp-block-cover-is-layout-flow\">\n<p class=\"has-text-align-right has-large-font-size\"> Tervetuloa mukaan matkalle!<\/p>\n<\/div><\/div>\n","protected":false},"excerpt":{"rendered":"<p>ARTIST STATEMENT Taitelijana olen villi tutkimusmatkailija, ja suuntaan katseeni sek\u00e4 kamerani ymp\u00e4r\u00f6iv\u00e4\u00e4n maailmaan etsiess\u00e4ni uusia n\u00e4k\u00f6kulmia. Videoteoksissani ja valokuvissani tutkin ihmisyyden ja luonnon salaisuuksia sek\u00e4 kaiken yhteytt\u00e4 ja merkityksi\u00e4. Unien,<\/p>\n<p class=\"more-link\"><a href=\"https:\/\/www.tiihelina.com\/?page_id=376&#038;lang=fi\" class=\"readmore\">Continue reading<svg class=\"icon icon-arrow-right\" aria-hidden=\"true\" role=\"img\"> <use href=\"#icon-arrow-right\" xlink:href=\"#icon-arrow-right\"><\/use> <\/svg><span class=\"screen-reader-text\">TAITEILIJA\/ ARTIST STATEMENT<\/span><\/a><\/p>\n","protected":false},"author":1,"featured_media":38,"parent":0,"menu_order":0,"comment_status":"closed","ping_status":"closed","template":"","meta":{"footnotes":""},"class_list":["post-376","page","type-page","status-publish","has-post-thumbnail","hentry"],"_links":{"self":[{"href":"https:\/\/www.tiihelina.com\/index.php?rest_route=\/wp\/v2\/pages\/376","targetHints":{"allow":["GET"]}}],"collection":[{"href":"https:\/\/www.tiihelina.com\/index.php?rest_route=\/wp\/v2\/pages"}],"about":[{"href":"https:\/\/www.tiihelina.com\/index.php?rest_route=\/wp\/v2\/types\/page"}],"author":[{"embeddable":true,"href":"https:\/\/www.tiihelina.com\/index.php?rest_route=\/wp\/v2\/users\/1"}],"replies":[{"embeddable":true,"href":"https:\/\/www.tiihelina.com\/index.php?rest_route=%2Fwp%2Fv2%2Fcomments&post=376"}],"version-history":[{"count":34,"href":"https:\/\/www.tiihelina.com\/index.php?rest_route=\/wp\/v2\/pages\/376\/revisions"}],"predecessor-version":[{"id":603,"href":"https:\/\/www.tiihelina.com\/index.php?rest_route=\/wp\/v2\/pages\/376\/revisions\/603"}],"wp:featuredmedia":[{"embeddable":true,"href":"https:\/\/www.tiihelina.com\/index.php?rest_route=\/wp\/v2\/media\/38"}],"wp:attachment":[{"href":"https:\/\/www.tiihelina.com\/index.php?rest_route=%2Fwp%2Fv2%2Fmedia&parent=376"}],"curies":[{"name":"wp","href":"https:\/\/api.w.org\/{rel}","templated":true}]}}