{"id":520,"date":"2025-03-05T14:43:51","date_gmt":"2025-03-05T12:43:51","guid":{"rendered":"https:\/\/www.tiihelina.com\/?page_id=520"},"modified":"2025-03-05T14:43:53","modified_gmt":"2025-03-05T12:43:53","slug":"osta-taidetta","status":"publish","type":"page","link":"https:\/\/www.tiihelina.com\/?page_id=520&lang=fi","title":{"rendered":"Osta taidetta"},"content":{"rendered":"\n<p>Uniikilla taideteoksella saat luotua kotiisi omann\u00e4k\u00f6ist\u00e4si ilmett\u00e4. Taideteos tuo mielihyv\u00e4\u00e4, iloa ja lohtuakin. My\u00f6s lahjaideana taideteos on tyylik\u00e4s ja ajaton.<\/p>\n\n\n\n<p>Ole rohkeasti yhteydess\u00e4, niin toteutetaan unelmiesi taideteos sinun kotiisi!<\/p>\n\n\n\n<p>Valokuvateosten hinta m\u00e4\u00e4r\u00e4ytyy koon ja halutun materiaalin mukaan. <\/p>\n\n\n\n<p>Mahdollisuus ostaa valokuvateosten lis\u00e4ksi my\u00f6s keraamisia mobileja sek\u00e4 \u00f6ljy- ja akryyliv\u00e4rimaalauksia. L\u00e4het\u00e4n sinulle kuvia teoksista halutessasi. <\/p>\n\n\n\n<p>Kyselen toiveesi ja toteutan teoksen haluamaasi tilaan sopivalla tavalla. Teoksen saat kotiisi ripustusvalmiina. My\u00f6s osamaksumahdollisuus.<\/p>\n\n\n\n<p>tii.helina (a) gmail.com<\/p>\n\n\n\n<figure class=\"wp-block-image size-large\"><img loading=\"lazy\" decoding=\"async\" width=\"1024\" height=\"683\" src=\"https:\/\/www.tiihelina.com\/wp-content\/uploads\/2025\/03\/Jaakukat-Tiitu-V-Arctica-pieni-koko-1024x683.jpg\" alt=\"\" class=\"wp-image-536\" srcset=\"https:\/\/www.tiihelina.com\/wp-content\/uploads\/2025\/03\/Jaakukat-Tiitu-V-Arctica-pieni-koko-1024x683.jpg 1024w, https:\/\/www.tiihelina.com\/wp-content\/uploads\/2025\/03\/Jaakukat-Tiitu-V-Arctica-pieni-koko-300x200.jpg 300w, https:\/\/www.tiihelina.com\/wp-content\/uploads\/2025\/03\/Jaakukat-Tiitu-V-Arctica-pieni-koko-768x512.jpg 768w, https:\/\/www.tiihelina.com\/wp-content\/uploads\/2025\/03\/Jaakukat-Tiitu-V-Arctica-pieni-koko-1536x1024.jpg 1536w, https:\/\/www.tiihelina.com\/wp-content\/uploads\/2025\/03\/Jaakukat-Tiitu-V-Arctica-pieni-koko-2048x1365.jpg 2048w\" sizes=\"auto, (max-width: 1024px) 100vw, 1024px\" \/><figcaption class=\"wp-element-caption\">Ice Flowers, 2021<\/figcaption><\/figure>\n","protected":false},"excerpt":{"rendered":"<p>Uniikilla taideteoksella saat luotua kotiisi omann\u00e4k\u00f6ist\u00e4si ilmett\u00e4. Taideteos tuo mielihyv\u00e4\u00e4, iloa ja lohtuakin. My\u00f6s lahjaideana taideteos on tyylik\u00e4s ja ajaton. Ole rohkeasti yhteydess\u00e4, niin toteutetaan unelmiesi taideteos sinun kotiisi! Valokuvateosten<\/p>\n<p class=\"more-link\"><a href=\"https:\/\/www.tiihelina.com\/?page_id=520&#038;lang=fi\" class=\"readmore\">Continue reading<svg class=\"icon icon-arrow-right\" aria-hidden=\"true\" role=\"img\"> <use href=\"#icon-arrow-right\" xlink:href=\"#icon-arrow-right\"><\/use> <\/svg><span class=\"screen-reader-text\">Osta taidetta<\/span><\/a><\/p>\n","protected":false},"author":1,"featured_media":0,"parent":0,"menu_order":0,"comment_status":"closed","ping_status":"closed","template":"","meta":{"footnotes":""},"class_list":["post-520","page","type-page","status-publish","hentry"],"_links":{"self":[{"href":"https:\/\/www.tiihelina.com\/index.php?rest_route=\/wp\/v2\/pages\/520","targetHints":{"allow":["GET"]}}],"collection":[{"href":"https:\/\/www.tiihelina.com\/index.php?rest_route=\/wp\/v2\/pages"}],"about":[{"href":"https:\/\/www.tiihelina.com\/index.php?rest_route=\/wp\/v2\/types\/page"}],"author":[{"embeddable":true,"href":"https:\/\/www.tiihelina.com\/index.php?rest_route=\/wp\/v2\/users\/1"}],"replies":[{"embeddable":true,"href":"https:\/\/www.tiihelina.com\/index.php?rest_route=%2Fwp%2Fv2%2Fcomments&post=520"}],"version-history":[{"count":8,"href":"https:\/\/www.tiihelina.com\/index.php?rest_route=\/wp\/v2\/pages\/520\/revisions"}],"predecessor-version":[{"id":544,"href":"https:\/\/www.tiihelina.com\/index.php?rest_route=\/wp\/v2\/pages\/520\/revisions\/544"}],"wp:attachment":[{"href":"https:\/\/www.tiihelina.com\/index.php?rest_route=%2Fwp%2Fv2%2Fmedia&parent=520"}],"curies":[{"name":"wp","href":"https:\/\/api.w.org\/{rel}","templated":true}]}}